{"id":3376,"date":"2016-02-13T18:43:50","date_gmt":"2016-02-14T02:43:50","guid":{"rendered":"http:\/\/www.spiritofbosnia.org\/?page_id=3376"},"modified":"2025-05-07T21:41:20","modified_gmt":"2025-05-08T04:41:20","slug":"subscribe-to-the-spirit-of-bosnia-mailing-list","status":"publish","type":"page","link":"https:\/\/www.spiritofbosnia.org\/bs\/subscribe-to-the-spirit-of-bosnia-mailing-list\/","title":{"rendered":"Upi\u0161ite se na Duh Bosne mailing listu"},"content":{"rendered":"<p><\/p>\n<div id=\"mc_embed_shell\">\n    <link href=\"\/\/cdn-images.mailchimp.com\/embedcode\/classic-061523.css\" rel=\"stylesheet\" type=\"text\/css\">\n<style type=\"text\/css\">\n        #mc_embed_signup{background:#fff; false;clear:left; font:14px Helvetica,Arial,sans-serif; width: 600px;}\n        #mc_embed_signup .button {background-color: #173d64 !important; border-radius: 0px !important;}\n    <\/style>\n<div id=\"mc_embed_signup\">\n<form action=\"https:\/\/spiritofbosnia.us12.list-manage.com\/subscribe\/post?u=f3fbb230c9ad401b5230c6a17&amp;id=939ad0aaaf&amp;f_id=0083fee3f0\" method=\"post\" id=\"mc-embedded-subscribe-form\" name=\"mc-embedded-subscribe-form\" class=\"validate\" target=\"_blank\">\n<div id=\"mc_embed_signup_scroll\">\n<h2>Upi\u0161ite va\u0161u email adresu ako \u017eelite da automatski dobijate nova izdanja \u010dasopisa Duh Bosne<\/h2>\n<div class=\"indicates-required\"><span class=\"asterisk\">*<\/span>&nbsp;mora biti popunjeno<\/div>\n<div class=\"mc-field-group\">\n                    <label for=\"mce-EMAIL\">Email adresa <span class=\"asterisk\">*<\/span><br \/>\n                    <\/label><br \/>\n                    <input id=\"mce-EMAIL\" class=\"required email\" name=\"EMAIL\" type=\"email\" value=\"\">\n                <\/div>\n<div class=\"mc-field-group\">\n                    <label for=\"mce-FNAME\">Ime <span class=\"asterisk\">*<\/label><br \/>\n                    <input id=\"mce-FNAME\" name=\"FNAME\" type=\"text\" value=\"\" class=\"required\">\n                <\/div>\n<div class=\"mc-field-group\">\n                    <label for=\"mce-LNAME\">Prezime <span class=\"asterisk\">*<\/label><br \/>\n                    <input id=\"mce-LNAME\" name=\"LNAME\" type=\"text\" value=\"\" class=\"required\">\n                <\/div>\n<div id=\"mce-responses\" class=\"clear foot\">\n<div class=\"response\" id=\"mce-error-response\" style=\"display: none;\"><\/div>\n<div class=\"response\" id=\"mce-success-response\" style=\"display: none;\"><\/div>\n<\/p><\/div>\n<div aria-hidden=\"true\" style=\"position: absolute; left: -5000px;\">\n                    \/* real people should not fill this in and expect good things &#8211; do not remove this or risk form bot signups *\/<br \/>\n                    <input type=\"text\" name=\"b_f3fbb230c9ad401b5230c6a17_939ad0aaaf\" tabindex=\"-1\" value=\"\">\n                <\/div>\n<div class=\"clear\">\n                    <input id=\"mc-embedded-subscribe\" class=\"button\" name=\"subscribe\" type=\"submit\" value=\"Subscribe\">\n                <\/div>\n<\/p><\/div>\n<\/p><\/form>\n<\/p><\/div>\n<p>    <script type=\"text\/javascript\" src=\"\/\/s3.amazonaws.com\/downloads.mailchimp.com\/js\/mc-validate.js\"><\/script><br \/>\n    <script type=\"text\/javascript\">\n        (function($) {window.fnames = new Array(); window.ftypes = new Array();fnames[0]='EMAIL';ftypes[0]='email';fnames[1]='FNAME';ftypes[1]='text';fnames[2]='LNAME';ftypes[2]='text';}(jQuery));var $mcj = jQuery.noConflict(true);\n    <\/script>\n<\/div>\n<p><\/p>","protected":false},"excerpt":{"rendered":"<p>Upi\u0161ite va\u0161u email adresu ako \u017eelite da automatski dobijate nova izdanja \u010dasopisa Duh Bosne *&nbsp;mora biti popunjeno Email adresa * Ime * Prezime * \/* real people should not fill this in and expect good things &#8211; do not remove this or risk form bot signups *\/<\/p>\n","protected":false},"author":2,"featured_media":0,"parent":0,"menu_order":0,"comment_status":"closed","ping_status":"closed","template":"","meta":{"_exactmetrics_skip_tracking":false,"_exactmetrics_sitenote_active":false,"_exactmetrics_sitenote_note":"","_exactmetrics_sitenote_category":0,"ngg_post_thumbnail":0,"footnotes":""},"class_list":["post-3376","page","type-page","status-publish","hentry"],"_links":{"self":[{"href":"https:\/\/www.spiritofbosnia.org\/bs\/wp-json\/wp\/v2\/pages\/3376","targetHints":{"allow":["GET"]}}],"collection":[{"href":"https:\/\/www.spiritofbosnia.org\/bs\/wp-json\/wp\/v2\/pages"}],"about":[{"href":"https:\/\/www.spiritofbosnia.org\/bs\/wp-json\/wp\/v2\/types\/page"}],"author":[{"embeddable":true,"href":"https:\/\/www.spiritofbosnia.org\/bs\/wp-json\/wp\/v2\/users\/2"}],"replies":[{"embeddable":true,"href":"https:\/\/www.spiritofbosnia.org\/bs\/wp-json\/wp\/v2\/comments?post=3376"}],"version-history":[{"count":37,"href":"https:\/\/www.spiritofbosnia.org\/bs\/wp-json\/wp\/v2\/pages\/3376\/revisions"}],"predecessor-version":[{"id":67726,"href":"https:\/\/www.spiritofbosnia.org\/bs\/wp-json\/wp\/v2\/pages\/3376\/revisions\/67726"}],"wp:attachment":[{"href":"https:\/\/www.spiritofbosnia.org\/bs\/wp-json\/wp\/v2\/media?parent=3376"}],"curies":[{"name":"wp","href":"https:\/\/api.w.org\/{rel}","templated":true}]}}