{"id":168,"date":"2011-04-10T20:38:22","date_gmt":"2011-04-10T20:38:22","guid":{"rendered":"http:\/\/www.spiritofbosnia.org\/?page_id=168"},"modified":"2011-10-12T22:34:49","modified_gmt":"2011-10-12T20:34:49","slug":"support-spirit-of-bosnia","status":"publish","type":"page","link":"https:\/\/www.spiritofbosnia.org\/bs\/support-spirit-of-bosnia\/","title":{"rendered":"Podr\u0161ka za Duh Bosne"},"content":{"rendered":"<p>&#8220;Duh Bosne&#8221; je nedavno inkorporiran kao neprofitna organizacija koja mo\u017ee dobijati donacije oslobo\u0111ene poreza. Mi \u0107emo koristiti ta sredstva za kompenziranje na\u0161eg Web dizajnera, pla\u0107anje prevoda, autorskih honorara i izdava\u010devih dozvola za objavljivanje.<\/p>\n<!-- Begin PayPal Donations by https:\/\/www.tipsandtricks-hq.com\/paypal-donations-widgets-plugin -->\n\n<form action=\"https:\/\/www.paypal.com\/cgi-bin\/webscr\" method=\"post\">\n    <div class=\"paypal-donations\">\n        <input type=\"hidden\" name=\"cmd\" value=\"_donations\" \/>\n        <input type=\"hidden\" name=\"bn\" value=\"TipsandTricks_SP\" \/>\n        <input type=\"hidden\" name=\"business\" value=\"spiritofbosnia@gmail.com\" \/>\n        <input type=\"hidden\" name=\"currency_code\" value=\"USD\" \/>\n        <input type=\"image\" style=\"cursor: pointer;\" src=\"http:\/\/www.spiritofbosnia.org\/wp-content\/themes\/SoB%20wp\/images\/paypal.jpg\" name=\"submit\" alt=\"PayPal - The safer, easier way to pay online.\" \/>\n        <img loading=\"lazy\" decoding=\"async\" alt=\"\" src=\"https:\/\/www.paypalobjects.com\/en_US\/i\/scr\/pixel.gif\" width=\"1\" height=\"1\" \/>\n    <\/div>\n<\/form>\n<!-- End PayPal Donations -->\n\n<p>&#8220;Duh Bosne&#8221; izlazi tromjese\u010dno ve\u0107 \u010detvrtu godinu i mi vjerujemo da svaki broj \u010dasopisa nastavlja da podr\u017eava i unapre\u0111uje njegovu misiju, a to je objavljivanje nau\u010dnih radova i drugih tekstova iz istorije, politike i knji\u017eevnosti Bosne i Hercegovine u cilju priznavanja i odr\u017eavanja dugovje\u010dnih tradicija dru\u0161tvenog i gra\u0111anskog ustrojstva koje predstavlja bosansko naslje\u0111e. Ovakav pristup kulturnoj istoriji i savremenoj bosanskoj politici u posljednje vrijeme postaje sve slabiji u javnom diskursu o Bosni.<\/p>\n<p>Mi smatramo da je va\u017eno ne samo odr\u017eavati nego i ja\u010dati na\u0161e napore u jasnom artikulisanju i ukazivanju na nenacionalisti\u010dko razumijevanje moralnih i dru\u0161tvenih temelja Bosne kao istorijskog entiteta.<\/p>\n<p><\/p>","protected":false},"excerpt":{"rendered":"<p>&#8220;Duh Bosne&#8221; je nedavno inkorporiran kao neprofitna organizacija koja mo\u017ee dobijati donacije oslobo\u0111ene poreza. Mi \u0107emo koristiti ta sredstva za kompenziranje na\u0161eg Web dizajnera, pla\u0107anje prevoda, autorskih honorara i izdava\u010devih dozvola za objavljivanje. &#8220;Duh Bosne&#8221; izlazi tromjese\u010dno ve\u0107 \u010detvrtu godinu i mi vjerujemo da svaki broj \u010dasopisa nastavlja da podr\u017eava i unapre\u0111uje njegovu misiju, a to je objavljivanje nau\u010dnih radova&nbsp; [<a href=\"https:\/\/www.spiritofbosnia.org\/bs\/support-spirit-of-bosnia\/\">&hellip;<\/a>]<\/p>\n","protected":false},"author":2,"featured_media":0,"parent":0,"menu_order":0,"comment_status":"open","ping_status":"open","template":"","meta":{"_exactmetrics_skip_tracking":false,"_exactmetrics_sitenote_active":false,"_exactmetrics_sitenote_note":"","_exactmetrics_sitenote_category":0,"ngg_post_thumbnail":0,"footnotes":""},"class_list":["post-168","page","type-page","status-publish","hentry"],"_links":{"self":[{"href":"https:\/\/www.spiritofbosnia.org\/bs\/wp-json\/wp\/v2\/pages\/168","targetHints":{"allow":["GET"]}}],"collection":[{"href":"https:\/\/www.spiritofbosnia.org\/bs\/wp-json\/wp\/v2\/pages"}],"about":[{"href":"https:\/\/www.spiritofbosnia.org\/bs\/wp-json\/wp\/v2\/types\/page"}],"author":[{"embeddable":true,"href":"https:\/\/www.spiritofbosnia.org\/bs\/wp-json\/wp\/v2\/users\/2"}],"replies":[{"embeddable":true,"href":"https:\/\/www.spiritofbosnia.org\/bs\/wp-json\/wp\/v2\/comments?post=168"}],"version-history":[{"count":21,"href":"https:\/\/www.spiritofbosnia.org\/bs\/wp-json\/wp\/v2\/pages\/168\/revisions"}],"predecessor-version":[{"id":1217,"href":"https:\/\/www.spiritofbosnia.org\/bs\/wp-json\/wp\/v2\/pages\/168\/revisions\/1217"}],"wp:attachment":[{"href":"https:\/\/www.spiritofbosnia.org\/bs\/wp-json\/wp\/v2\/media?parent=168"}],"curies":[{"name":"wp","href":"https:\/\/api.w.org\/{rel}","templated":true}]}}