{"id":164,"date":"2011-04-10T20:32:20","date_gmt":"2011-04-10T20:32:20","guid":{"rendered":"http:\/\/www.spiritofbosnia.org\/?page_id=164"},"modified":"2023-06-20T08:02:40","modified_gmt":"2023-06-20T15:02:40","slug":"founding-board","status":"publish","type":"page","link":"https:\/\/www.spiritofbosnia.org\/bs\/founding-board\/","title":{"rendered":"Osniva\u010dki odbor"},"content":{"rendered":"<div class=\"board-list\">\n<ul class=\"list-group list-group-flush\">\n<li class=\"list-group-item d-flex justify-content-between align-items-center\">\n    Keith Doubt (Editor)<br \/>\n    <span class=\"badge\"><br \/>\n    <a href=\"mailto:spiritofbosnia@gmail.com\"><br \/>\n    \t<svg xmlns=\"http:\/\/www.w3.org\/2000\/svg\" width=\"20\" height=\"20\" fill=\"currentColor\" class=\"bi bi-envelope-at\" viewBox=\"0 0 16 16\">\n      <path d=\"M2 2a2 2 0 0 0-2 2v8.01A2 2 0 0 0 2 14h5.5a.5.5 0 0 0 0-1H2a1 1 0 0 1-.966-.741l5.64-3.471L8 9.583l7-4.2V8.5a.5.5 0 0 0 1 0V4a2 2 0 0 0-2-2H2Zm3.708 6.208L1 11.105V5.383l4.708 2.825ZM1 4.217V4a1 1 0 0 1 1-1h12a1 1 0 0 1 1 1v.217l-7 4.2-7-4.2Z\"\/>\n      <path d=\"M14.247 14.269c1.01 0 1.587-.857 1.587-2.025v-.21C15.834 10.43 14.64 9 12.52 9h-.035C10.42 9 9 10.36 9 12.432v.214C9 14.82 10.438 16 12.358 16h.044c.594 0 1.018-.074 1.237-.175v-.73c-.245.11-.673.18-1.18.18h-.044c-1.334 0-2.571-.788-2.571-2.655v-.157c0-1.657 1.058-2.724 2.64-2.724h.04c1.535 0 2.484 1.05 2.484 2.326v.118c0 .975-.324 1.39-.639 1.39-.232 0-.41-.148-.41-.42v-2.19h-.906v.569h-.03c-.084-.298-.368-.63-.954-.63-.778 0-1.259.555-1.259 1.4v.528c0 .892.49 1.434 1.26 1.434.471 0 .896-.227 1.014-.643h.043c.118.42.617.648 1.12.648Zm-2.453-1.588v-.227c0-.546.227-.791.573-.791.297 0 .572.192.572.708v.367c0 .573-.253.744-.564.744-.354 0-.581-.215-.581-.8Z\"\/><\/svg><br \/>\n    <\/a><br \/>\n  <\/span>\n  <\/li>\n<li class=\"list-group-item d-flex justify-content-between align-items-center\">\n    Dino Abazovi\u0107<br \/>\n    <span class=\"badge\"><br \/>\n    <a href=\"mailto:dabazovic@gmail.com\"><br \/>\n      <svg xmlns=\"http:\/\/www.w3.org\/2000\/svg\" width=\"20\" height=\"20\" fill=\"currentColor\" class=\"bi bi-envelope-at\" viewBox=\"0 0 16 16\">\n      <path d=\"M2 2a2 2 0 0 0-2 2v8.01A2 2 0 0 0 2 14h5.5a.5.5 0 0 0 0-1H2a1 1 0 0 1-.966-.741l5.64-3.471L8 9.583l7-4.2V8.5a.5.5 0 0 0 1 0V4a2 2 0 0 0-2-2H2Zm3.708 6.208L1 11.105V5.383l4.708 2.825ZM1 4.217V4a1 1 0 0 1 1-1h12a1 1 0 0 1 1 1v.217l-7 4.2-7-4.2Z\"\/>\n      <path d=\"M14.247 14.269c1.01 0 1.587-.857 1.587-2.025v-.21C15.834 10.43 14.64 9 12.52 9h-.035C10.42 9 9 10.36 9 12.432v.214C9 14.82 10.438 16 12.358 16h.044c.594 0 1.018-.074 1.237-.175v-.73c-.245.11-.673.18-1.18.18h-.044c-1.334 0-2.571-.788-2.571-2.655v-.157c0-1.657 1.058-2.724 2.64-2.724h.04c1.535 0 2.484 1.05 2.484 2.326v.118c0 .975-.324 1.39-.639 1.39-.232 0-.41-.148-.41-.42v-2.19h-.906v.569h-.03c-.084-.298-.368-.63-.954-.63-.778 0-1.259.555-1.259 1.4v.528c0 .892.49 1.434 1.26 1.434.471 0 .896-.227 1.014-.643h.043c.118.42.617.648 1.12.648Zm-2.453-1.588v-.227c0-.546.227-.791.573-.791.297 0 .572.192.572.708v.367c0 .573-.253.744-.564.744-.354 0-.581-.215-.581-.8Z\"\/><\/svg><br \/>\n    <\/a><br \/>\n  <\/span>\n  <\/li>\n<li class=\"list-group-item d-flex justify-content-between align-items-center\">\n    Tone Bringa<br \/>\n    <span class=\"badge\"><br \/>\n    <a href=\"mailto:tone.bringa@cmi.no\"><br \/>\n      <svg xmlns=\"http:\/\/www.w3.org\/2000\/svg\" width=\"20\" height=\"20\" fill=\"currentColor\" class=\"bi bi-envelope-at\" viewBox=\"0 0 16 16\">\n      <path d=\"M2 2a2 2 0 0 0-2 2v8.01A2 2 0 0 0 2 14h5.5a.5.5 0 0 0 0-1H2a1 1 0 0 1-.966-.741l5.64-3.471L8 9.583l7-4.2V8.5a.5.5 0 0 0 1 0V4a2 2 0 0 0-2-2H2Zm3.708 6.208L1 11.105V5.383l4.708 2.825ZM1 4.217V4a1 1 0 0 1 1-1h12a1 1 0 0 1 1 1v.217l-7 4.2-7-4.2Z\"\/>\n      <path d=\"M14.247 14.269c1.01 0 1.587-.857 1.587-2.025v-.21C15.834 10.43 14.64 9 12.52 9h-.035C10.42 9 9 10.36 9 12.432v.214C9 14.82 10.438 16 12.358 16h.044c.594 0 1.018-.074 1.237-.175v-.73c-.245.11-.673.18-1.18.18h-.044c-1.334 0-2.571-.788-2.571-2.655v-.157c0-1.657 1.058-2.724 2.64-2.724h.04c1.535 0 2.484 1.05 2.484 2.326v.118c0 .975-.324 1.39-.639 1.39-.232 0-.41-.148-.41-.42v-2.19h-.906v.569h-.03c-.084-.298-.368-.63-.954-.63-.778 0-1.259.555-1.259 1.4v.528c0 .892.49 1.434 1.26 1.434.471 0 .896-.227 1.014-.643h.043c.118.42.617.648 1.12.648Zm-2.453-1.588v-.227c0-.546.227-.791.573-.791.297 0 .572.192.572.708v.367c0 .573-.253.744-.564.744-.354 0-.581-.215-.581-.8Z\"\/><\/svg><br \/>\n    <\/a><br \/>\n  <\/span>\n  <\/li>\n<li class=\"list-group-item d-flex justify-content-between align-items-center\">\n  Svetlana Broz<br \/>\n    <span class=\"badge\"><br \/>\n    <a href=\"mailto:svetlanabroz@yahoo.com\"><br \/>\n      <svg xmlns=\"http:\/\/www.w3.org\/2000\/svg\" width=\"20\" height=\"20\" fill=\"currentColor\" class=\"bi bi-envelope-at\" viewBox=\"0 0 16 16\">\n      <path d=\"M2 2a2 2 0 0 0-2 2v8.01A2 2 0 0 0 2 14h5.5a.5.5 0 0 0 0-1H2a1 1 0 0 1-.966-.741l5.64-3.471L8 9.583l7-4.2V8.5a.5.5 0 0 0 1 0V4a2 2 0 0 0-2-2H2Zm3.708 6.208L1 11.105V5.383l4.708 2.825ZM1 4.217V4a1 1 0 0 1 1-1h12a1 1 0 0 1 1 1v.217l-7 4.2-7-4.2Z\"\/>\n      <path d=\"M14.247 14.269c1.01 0 1.587-.857 1.587-2.025v-.21C15.834 10.43 14.64 9 12.52 9h-.035C10.42 9 9 10.36 9 12.432v.214C9 14.82 10.438 16 12.358 16h.044c.594 0 1.018-.074 1.237-.175v-.73c-.245.11-.673.18-1.18.18h-.044c-1.334 0-2.571-.788-2.571-2.655v-.157c0-1.657 1.058-2.724 2.64-2.724h.04c1.535 0 2.484 1.05 2.484 2.326v.118c0 .975-.324 1.39-.639 1.39-.232 0-.41-.148-.41-.42v-2.19h-.906v.569h-.03c-.084-.298-.368-.63-.954-.63-.778 0-1.259.555-1.259 1.4v.528c0 .892.49 1.434 1.26 1.434.471 0 .896-.227 1.014-.643h.043c.118.42.617.648 1.12.648Zm-2.453-1.588v-.227c0-.546.227-.791.573-.791.297 0 .572.192.572.708v.367c0 .573-.253.744-.564.744-.354 0-.581-.215-.581-.8Z\"\/><\/svg><br \/>\n    <\/a><br \/>\n  <\/span>\n  <\/li>\n<li class=\"list-group-item d-flex justify-content-between align-items-center\">\n<div style=\"border:1px #333 solid\">Thomas Butler<\/div>\n<p>    <span class=\"badge\"><br \/>\n    <a href=\"#\"><br \/>\n    <\/a><br \/>\n  <\/span>\n  <\/li>\n<li class=\"list-group-item d-flex justify-content-between align-items-center\">\n    Robert Donia<br \/>\n    <span class=\"badge\"><br \/>\n    <a href=\"mailto:rdonia@aol.com\"><br \/>\n      <svg xmlns=\"http:\/\/www.w3.org\/2000\/svg\" width=\"20\" height=\"20\" fill=\"currentColor\" class=\"bi bi-envelope-at\" viewBox=\"0 0 16 16\">\n      <path d=\"M2 2a2 2 0 0 0-2 2v8.01A2 2 0 0 0 2 14h5.5a.5.5 0 0 0 0-1H2a1 1 0 0 1-.966-.741l5.64-3.471L8 9.583l7-4.2V8.5a.5.5 0 0 0 1 0V4a2 2 0 0 0-2-2H2Zm3.708 6.208L1 11.105V5.383l4.708 2.825ZM1 4.217V4a1 1 0 0 1 1-1h12a1 1 0 0 1 1 1v.217l-7 4.2-7-4.2Z\"\/>\n      <path d=\"M14.247 14.269c1.01 0 1.587-.857 1.587-2.025v-.21C15.834 10.43 14.64 9 12.52 9h-.035C10.42 9 9 10.36 9 12.432v.214C9 14.82 10.438 16 12.358 16h.044c.594 0 1.018-.074 1.237-.175v-.73c-.245.11-.673.18-1.18.18h-.044c-1.334 0-2.571-.788-2.571-2.655v-.157c0-1.657 1.058-2.724 2.64-2.724h.04c1.535 0 2.484 1.05 2.484 2.326v.118c0 .975-.324 1.39-.639 1.39-.232 0-.41-.148-.41-.42v-2.19h-.906v.569h-.03c-.084-.298-.368-.63-.954-.63-.778 0-1.259.555-1.259 1.4v.528c0 .892.49 1.434 1.26 1.434.471 0 .896-.227 1.014-.643h.043c.118.42.617.648 1.12.648Zm-2.453-1.588v-.227c0-.546.227-.791.573-.791.297 0 .572.192.572.708v.367c0 .573-.253.744-.564.744-.354 0-.581-.215-.581-.8Z\"\/><\/svg><br \/>\n    <\/a><br \/>\n  <\/span>\n  <\/li>\n<li class=\"list-group-item d-flex justify-content-between align-items-center\">\n    Amer Filipovi\u0107<br \/>\n    <span class=\"badge\"><br \/>\n    <a href=\"mailto:afilipovic@gmail.com\"><br \/>\n      <svg xmlns=\"http:\/\/www.w3.org\/2000\/svg\" width=\"20\" height=\"20\" fill=\"currentColor\" class=\"bi bi-envelope-at\" viewBox=\"0 0 16 16\">\n      <path d=\"M2 2a2 2 0 0 0-2 2v8.01A2 2 0 0 0 2 14h5.5a.5.5 0 0 0 0-1H2a1 1 0 0 1-.966-.741l5.64-3.471L8 9.583l7-4.2V8.5a.5.5 0 0 0 1 0V4a2 2 0 0 0-2-2H2Zm3.708 6.208L1 11.105V5.383l4.708 2.825ZM1 4.217V4a1 1 0 0 1 1-1h12a1 1 0 0 1 1 1v.217l-7 4.2-7-4.2Z\"\/>\n      <path d=\"M14.247 14.269c1.01 0 1.587-.857 1.587-2.025v-.21C15.834 10.43 14.64 9 12.52 9h-.035C10.42 9 9 10.36 9 12.432v.214C9 14.82 10.438 16 12.358 16h.044c.594 0 1.018-.074 1.237-.175v-.73c-.245.11-.673.18-1.18.18h-.044c-1.334 0-2.571-.788-2.571-2.655v-.157c0-1.657 1.058-2.724 2.64-2.724h.04c1.535 0 2.484 1.05 2.484 2.326v.118c0 .975-.324 1.39-.639 1.39-.232 0-.41-.148-.41-.42v-2.19h-.906v.569h-.03c-.084-.298-.368-.63-.954-.63-.778 0-1.259.555-1.259 1.4v.528c0 .892.49 1.434 1.26 1.434.471 0 .896-.227 1.014-.643h.043c.118.42.617.648 1.12.648Zm-2.453-1.588v-.227c0-.546.227-.791.573-.791.297 0 .572.192.572.708v.367c0 .573-.253.744-.564.744-.354 0-.581-.215-.581-.8Z\"\/><\/svg><br \/>\n    <\/a><br \/>\n  <\/span>\n  <\/li>\n<li class=\"list-group-item d-flex justify-content-between align-items-center\">\n<div style=\"border:1px #333 solid\">Omer Had\u017eiselimovi\u0107<\/div>\n<p>    <span class=\"badge\"><br \/>\n    <a href=\"#\"><br \/>\n      <\/a><br \/>\n  <\/span>\n  <\/li>\n<li class=\"list-group-item d-flex justify-content-between align-items-center\">\n    Marko Attila Hoare<br \/>\n    <span class=\"badge\"><br \/>\n    <a href=\"mailto:M.Hoare@kingston.ac.uk\"><br \/>\n      <svg xmlns=\"http:\/\/www.w3.org\/2000\/svg\" width=\"20\" height=\"20\" fill=\"currentColor\" class=\"bi bi-envelope-at\" viewBox=\"0 0 16 16\">\n      <path d=\"M2 2a2 2 0 0 0-2 2v8.01A2 2 0 0 0 2 14h5.5a.5.5 0 0 0 0-1H2a1 1 0 0 1-.966-.741l5.64-3.471L8 9.583l7-4.2V8.5a.5.5 0 0 0 1 0V4a2 2 0 0 0-2-2H2Zm3.708 6.208L1 11.105V5.383l4.708 2.825ZM1 4.217V4a1 1 0 0 1 1-1h12a1 1 0 0 1 1 1v.217l-7 4.2-7-4.2Z\"\/>\n      <path d=\"M14.247 14.269c1.01 0 1.587-.857 1.587-2.025v-.21C15.834 10.43 14.64 9 12.52 9h-.035C10.42 9 9 10.36 9 12.432v.214C9 14.82 10.438 16 12.358 16h.044c.594 0 1.018-.074 1.237-.175v-.73c-.245.11-.673.18-1.18.18h-.044c-1.334 0-2.571-.788-2.571-2.655v-.157c0-1.657 1.058-2.724 2.64-2.724h.04c1.535 0 2.484 1.05 2.484 2.326v.118c0 .975-.324 1.39-.639 1.39-.232 0-.41-.148-.41-.42v-2.19h-.906v.569h-.03c-.084-.298-.368-.63-.954-.63-.778 0-1.259.555-1.259 1.4v.528c0 .892.49 1.434 1.26 1.434.471 0 .896-.227 1.014-.643h.043c.118.42.617.648 1.12.648Zm-2.453-1.588v-.227c0-.546.227-.791.573-.791.297 0 .572.192.572.708v.367c0 .573-.253.744-.564.744-.354 0-.581-.215-.581-.8Z\"\/><\/svg><br \/>\n    <\/a><br \/>\n  <\/span>\n  <\/li>\n<li class=\"list-group-item d-flex justify-content-between align-items-center\">\n<div style=\"border:1px #333 solid\">Nermina Kurspahi\u0107<\/div>\n<p> <span class=\"badge\"><br \/>\n    <a href=\"#\"><br \/>\n      <\/a><br \/>\n  <\/span>\n  <\/li>\n<li class=\"list-group-item d-flex justify-content-between align-items-center\">\n    Rusmir Mahmut\u0107ehaji\u0107<br \/>\n    <span class=\"badge\"><br \/>\n    <a href=\"mailto:if_bosna@bih.net.ba\"><br \/>\n      <svg xmlns=\"http:\/\/www.w3.org\/2000\/svg\" width=\"20\" height=\"20\" fill=\"currentColor\" class=\"bi bi-envelope-at\" viewBox=\"0 0 16 16\">\n      <path d=\"M2 2a2 2 0 0 0-2 2v8.01A2 2 0 0 0 2 14h5.5a.5.5 0 0 0 0-1H2a1 1 0 0 1-.966-.741l5.64-3.471L8 9.583l7-4.2V8.5a.5.5 0 0 0 1 0V4a2 2 0 0 0-2-2H2Zm3.708 6.208L1 11.105V5.383l4.708 2.825ZM1 4.217V4a1 1 0 0 1 1-1h12a1 1 0 0 1 1 1v.217l-7 4.2-7-4.2Z\"\/>\n      <path d=\"M14.247 14.269c1.01 0 1.587-.857 1.587-2.025v-.21C15.834 10.43 14.64 9 12.52 9h-.035C10.42 9 9 10.36 9 12.432v.214C9 14.82 10.438 16 12.358 16h.044c.594 0 1.018-.074 1.237-.175v-.73c-.245.11-.673.18-1.18.18h-.044c-1.334 0-2.571-.788-2.571-2.655v-.157c0-1.657 1.058-2.724 2.64-2.724h.04c1.535 0 2.484 1.05 2.484 2.326v.118c0 .975-.324 1.39-.639 1.39-.232 0-.41-.148-.41-.42v-2.19h-.906v.569h-.03c-.084-.298-.368-.63-.954-.63-.778 0-1.259.555-1.259 1.4v.528c0 .892.49 1.434 1.26 1.434.471 0 .896-.227 1.014-.643h.043c.118.42.617.648 1.12.648Zm-2.453-1.588v-.227c0-.546.227-.791.573-.791.297 0 .572.192.572.708v.367c0 .573-.253.744-.564.744-.354 0-.581-.215-.581-.8Z\"\/><\/svg><br \/>\n    <\/a><br \/>\n  <\/span>\n  <\/li>\n<li class=\"list-group-item d-flex justify-content-between align-items-center\">\n    Damir Mari\u0107<br \/>\n    <span class=\"badge\"><br \/>\n    <a href=\"mailto:damir_maric@hotmail.com\"><br \/>\n      <svg xmlns=\"http:\/\/www.w3.org\/2000\/svg\" width=\"20\" height=\"20\" fill=\"currentColor\" class=\"bi bi-envelope-at\" viewBox=\"0 0 16 16\">\n      <path d=\"M2 2a2 2 0 0 0-2 2v8.01A2 2 0 0 0 2 14h5.5a.5.5 0 0 0 0-1H2a1 1 0 0 1-.966-.741l5.64-3.471L8 9.583l7-4.2V8.5a.5.5 0 0 0 1 0V4a2 2 0 0 0-2-2H2Zm3.708 6.208L1 11.105V5.383l4.708 2.825ZM1 4.217V4a1 1 0 0 1 1-1h12a1 1 0 0 1 1 1v.217l-7 4.2-7-4.2Z\"\/>\n      <path d=\"M14.247 14.269c1.01 0 1.587-.857 1.587-2.025v-.21C15.834 10.43 14.64 9 12.52 9h-.035C10.42 9 9 10.36 9 12.432v.214C9 14.82 10.438 16 12.358 16h.044c.594 0 1.018-.074 1.237-.175v-.73c-.245.11-.673.18-1.18.18h-.044c-1.334 0-2.571-.788-2.571-2.655v-.157c0-1.657 1.058-2.724 2.64-2.724h.04c1.535 0 2.484 1.05 2.484 2.326v.118c0 .975-.324 1.39-.639 1.39-.232 0-.41-.148-.41-.42v-2.19h-.906v.569h-.03c-.084-.298-.368-.63-.954-.63-.778 0-1.259.555-1.259 1.4v.528c0 .892.49 1.434 1.26 1.434.471 0 .896-.227 1.014-.643h.043c.118.42.617.648 1.12.648Zm-2.453-1.588v-.227c0-.546.227-.791.573-.791.297 0 .572.192.572.708v.367c0 .573-.253.744-.564.744-.354 0-.581-.215-.581-.8Z\"\/><\/svg><br \/>\n    <\/a><br \/>\n  <\/span>\n  <\/li>\n<li class=\"list-group-item d-flex justify-content-between align-items-center\">\n  Svein Monnesland<br \/>\n    <span class=\"badge\"><br \/>\n    <a href=\"mailto:svein.monnesland@ilos.uio.no\"><br \/>\n      <svg xmlns=\"http:\/\/www.w3.org\/2000\/svg\" width=\"20\" height=\"20\" fill=\"currentColor\" class=\"bi bi-envelope-at\" viewBox=\"0 0 16 16\">\n      <path d=\"M2 2a2 2 0 0 0-2 2v8.01A2 2 0 0 0 2 14h5.5a.5.5 0 0 0 0-1H2a1 1 0 0 1-.966-.741l5.64-3.471L8 9.583l7-4.2V8.5a.5.5 0 0 0 1 0V4a2 2 0 0 0-2-2H2Zm3.708 6.208L1 11.105V5.383l4.708 2.825ZM1 4.217V4a1 1 0 0 1 1-1h12a1 1 0 0 1 1 1v.217l-7 4.2-7-4.2Z\"\/>\n      <path d=\"M14.247 14.269c1.01 0 1.587-.857 1.587-2.025v-.21C15.834 10.43 14.64 9 12.52 9h-.035C10.42 9 9 10.36 9 12.432v.214C9 14.82 10.438 16 12.358 16h.044c.594 0 1.018-.074 1.237-.175v-.73c-.245.11-.673.18-1.18.18h-.044c-1.334 0-2.571-.788-2.571-2.655v-.157c0-1.657 1.058-2.724 2.64-2.724h.04c1.535 0 2.484 1.05 2.484 2.326v.118c0 .975-.324 1.39-.639 1.39-.232 0-.41-.148-.41-.42v-2.19h-.906v.569h-.03c-.084-.298-.368-.63-.954-.63-.778 0-1.259.555-1.259 1.4v.528c0 .892.49 1.434 1.26 1.434.471 0 .896-.227 1.014-.643h.043c.118.42.617.648 1.12.648Zm-2.453-1.588v-.227c0-.546.227-.791.573-.791.297 0 .572.192.572.708v.367c0 .573-.253.744-.564.744-.354 0-.581-.215-.581-.8Z\"\/><\/svg><br \/>\n    <\/a><br \/>\n  <\/span>\n  <\/li>\n<li class=\"list-group-item d-flex justify-content-between align-items-center\">\n  Asim Mujki\u0107<br \/>\n    <span class=\"badge\"><br \/>\n    <a href=\"mailto:mujkica@fpn.unsa.ba\"><br \/>\n      <svg xmlns=\"http:\/\/www.w3.org\/2000\/svg\" width=\"20\" height=\"20\" fill=\"currentColor\" class=\"bi bi-envelope-at\" viewBox=\"0 0 16 16\">\n      <path d=\"M2 2a2 2 0 0 0-2 2v8.01A2 2 0 0 0 2 14h5.5a.5.5 0 0 0 0-1H2a1 1 0 0 1-.966-.741l5.64-3.471L8 9.583l7-4.2V8.5a.5.5 0 0 0 1 0V4a2 2 0 0 0-2-2H2Zm3.708 6.208L1 11.105V5.383l4.708 2.825ZM1 4.217V4a1 1 0 0 1 1-1h12a1 1 0 0 1 1 1v.217l-7 4.2-7-4.2Z\"\/>\n      <path d=\"M14.247 14.269c1.01 0 1.587-.857 1.587-2.025v-.21C15.834 10.43 14.64 9 12.52 9h-.035C10.42 9 9 10.36 9 12.432v.214C9 14.82 10.438 16 12.358 16h.044c.594 0 1.018-.074 1.237-.175v-.73c-.245.11-.673.18-1.18.18h-.044c-1.334 0-2.571-.788-2.571-2.655v-.157c0-1.657 1.058-2.724 2.64-2.724h.04c1.535 0 2.484 1.05 2.484 2.326v.118c0 .975-.324 1.39-.639 1.39-.232 0-.41-.148-.41-.42v-2.19h-.906v.569h-.03c-.084-.298-.368-.63-.954-.63-.778 0-1.259.555-1.259 1.4v.528c0 .892.49 1.434 1.26 1.434.471 0 .896-.227 1.014-.643h.043c.118.42.617.648 1.12.648Zm-2.453-1.588v-.227c0-.546.227-.791.573-.791.297 0 .572.192.572.708v.367c0 .573-.253.744-.564.744-.354 0-.581-.215-.581-.8Z\"\/><\/svg><br \/>\n    <\/a><br \/>\n  <\/span>\n  <\/li>\n<li class=\"list-group-item d-flex justify-content-between align-items-center\">\n<div style=\"border:1px #333 solid\">Midhat Ri\u0111anovi\u0107<\/div>\n<p>    <span class=\"badge\"><br \/>\n    <a href=\"#\"><br \/>\n<\/a><br \/>\n  <\/span>\n  <\/li>\n<li class=\"list-group-item d-flex justify-content-between align-items-center\">\n  Adnan \u0160e\u010di\u0107<br \/>\n    <span class=\"badge\"><br \/>\n    <a href=\"mailto:secic@cinci.rr.com\"><br \/>\n      <svg xmlns=\"http:\/\/www.w3.org\/2000\/svg\" width=\"20\" height=\"20\" fill=\"currentColor\" class=\"bi bi-envelope-at\" viewBox=\"0 0 16 16\">\n      <path d=\"M2 2a2 2 0 0 0-2 2v8.01A2 2 0 0 0 2 14h5.5a.5.5 0 0 0 0-1H2a1 1 0 0 1-.966-.741l5.64-3.471L8 9.583l7-4.2V8.5a.5.5 0 0 0 1 0V4a2 2 0 0 0-2-2H2Zm3.708 6.208L1 11.105V5.383l4.708 2.825ZM1 4.217V4a1 1 0 0 1 1-1h12a1 1 0 0 1 1 1v.217l-7 4.2-7-4.2Z\"\/>\n      <path d=\"M14.247 14.269c1.01 0 1.587-.857 1.587-2.025v-.21C15.834 10.43 14.64 9 12.52 9h-.035C10.42 9 9 10.36 9 12.432v.214C9 14.82 10.438 16 12.358 16h.044c.594 0 1.018-.074 1.237-.175v-.73c-.245.11-.673.18-1.18.18h-.044c-1.334 0-2.571-.788-2.571-2.655v-.157c0-1.657 1.058-2.724 2.64-2.724h.04c1.535 0 2.484 1.05 2.484 2.326v.118c0 .975-.324 1.39-.639 1.39-.232 0-.41-.148-.41-.42v-2.19h-.906v.569h-.03c-.084-.298-.368-.63-.954-.63-.778 0-1.259.555-1.259 1.4v.528c0 .892.49 1.434 1.26 1.434.471 0 .896-.227 1.014-.643h.043c.118.42.617.648 1.12.648Zm-2.453-1.588v-.227c0-.546.227-.791.573-.791.297 0 .572.192.572.708v.367c0 .573-.253.744-.564.744-.354 0-.581-.215-.581-.8Z\"\/><\/svg><br \/>\n    <\/a><br \/>\n  <\/span>\n  <\/li>\n<li class=\"list-group-item d-flex justify-content-between align-items-center\">\n  D\u017eemal Sokolovi\u0107<br \/>\n    <span class=\"badge\"><br \/>\n    <a href=\"mailto:Dzemal.Sokolovic@rokkan.uib.no\"><br \/>\n      <svg xmlns=\"http:\/\/www.w3.org\/2000\/svg\" width=\"20\" height=\"20\" fill=\"currentColor\" class=\"bi bi-envelope-at\" viewBox=\"0 0 16 16\">\n      <path d=\"M2 2a2 2 0 0 0-2 2v8.01A2 2 0 0 0 2 14h5.5a.5.5 0 0 0 0-1H2a1 1 0 0 1-.966-.741l5.64-3.471L8 9.583l7-4.2V8.5a.5.5 0 0 0 1 0V4a2 2 0 0 0-2-2H2Zm3.708 6.208L1 11.105V5.383l4.708 2.825ZM1 4.217V4a1 1 0 0 1 1-1h12a1 1 0 0 1 1 1v.217l-7 4.2-7-4.2Z\"\/>\n      <path d=\"M14.247 14.269c1.01 0 1.587-.857 1.587-2.025v-.21C15.834 10.43 14.64 9 12.52 9h-.035C10.42 9 9 10.36 9 12.432v.214C9 14.82 10.438 16 12.358 16h.044c.594 0 1.018-.074 1.237-.175v-.73c-.245.11-.673.18-1.18.18h-.044c-1.334 0-2.571-.788-2.571-2.655v-.157c0-1.657 1.058-2.724 2.64-2.724h.04c1.535 0 2.484 1.05 2.484 2.326v.118c0 .975-.324 1.39-.639 1.39-.232 0-.41-.148-.41-.42v-2.19h-.906v.569h-.03c-.084-.298-.368-.63-.954-.63-.778 0-1.259.555-1.259 1.4v.528c0 .892.49 1.434 1.26 1.434.471 0 .896-.227 1.014-.643h.043c.118.42.617.648 1.12.648Zm-2.453-1.588v-.227c0-.546.227-.791.573-.791.297 0 .572.192.572.708v.367c0 .573-.253.744-.564.744-.354 0-.581-.215-.581-.8Z\"\/><\/svg><br \/>\n    <\/a><br \/>\n  <\/span>\n  <\/li>\n<\/ul>\n<\/div>\n","protected":false},"excerpt":{"rendered":"<p>Keith Doubt (Editor) Dino Abazovi\u0107 Tone Bringa Svetlana Broz Thomas Butler Robert Donia Amer Filipovi\u0107 Omer Had\u017eiselimovi\u0107 Marko Attila Hoare Nermina Kurspahi\u0107 Rusmir Mahmut\u0107ehaji\u0107 Damir Mari\u0107 Svein Monnesland Asim Mujki\u0107 Midhat Ri\u0111anovi\u0107 Adnan \u0160e\u010di\u0107 D\u017eemal Sokolovi\u0107<\/p>\n","protected":false},"author":2,"featured_media":0,"parent":0,"menu_order":0,"comment_status":"open","ping_status":"open","template":"","meta":{"_exactmetrics_skip_tracking":false,"_exactmetrics_sitenote_active":false,"_exactmetrics_sitenote_note":"","_exactmetrics_sitenote_category":0,"ngg_post_thumbnail":0,"footnotes":""},"class_list":["post-164","page","type-page","status-publish","hentry"],"_links":{"self":[{"href":"https:\/\/www.spiritofbosnia.org\/bs\/wp-json\/wp\/v2\/pages\/164","targetHints":{"allow":["GET"]}}],"collection":[{"href":"https:\/\/www.spiritofbosnia.org\/bs\/wp-json\/wp\/v2\/pages"}],"about":[{"href":"https:\/\/www.spiritofbosnia.org\/bs\/wp-json\/wp\/v2\/types\/page"}],"author":[{"embeddable":true,"href":"https:\/\/www.spiritofbosnia.org\/bs\/wp-json\/wp\/v2\/users\/2"}],"replies":[{"embeddable":true,"href":"https:\/\/www.spiritofbosnia.org\/bs\/wp-json\/wp\/v2\/comments?post=164"}],"version-history":[{"count":12,"href":"https:\/\/www.spiritofbosnia.org\/bs\/wp-json\/wp\/v2\/pages\/164\/revisions"}],"predecessor-version":[{"id":66954,"href":"https:\/\/www.spiritofbosnia.org\/bs\/wp-json\/wp\/v2\/pages\/164\/revisions\/66954"}],"wp:attachment":[{"href":"https:\/\/www.spiritofbosnia.org\/bs\/wp-json\/wp\/v2\/media?parent=164"}],"curies":[{"name":"wp","href":"https:\/\/api.w.org\/{rel}","templated":true}]}}