{"id":162,"date":"2011-04-10T20:31:10","date_gmt":"2011-04-10T20:31:10","guid":{"rendered":"http:\/\/www.spiritofbosnia.org\/?page_id=162"},"modified":"2011-10-12T19:28:54","modified_gmt":"2011-10-12T17:28:54","slug":"submission-info","status":"publish","type":"page","link":"https:\/\/www.spiritofbosnia.org\/bs\/submission-info\/","title":{"rendered":"Informacije o objavi \u010dlanka"},"content":{"rendered":"<p>Tekstove autora i prijedloge \u010ditalaca koji odra\u017eavaju misiju \u010dasopisa rado prihvatamo i pa\u017eljivo \u0107emo ih razmotriti.  Svoje radove autori treba da  po\u0161alju u obje verzije\u2014na bosansko\/hrvatsko\/srpskom i na engleskom.  Tekstove eseja, pjesama i pripovijedaka rado primamo i njih treba slati elektronski, najbolje u vidu priloga u Word-u.  Verzija na bosanskom\/hrvatskom\/srpskom mora imati dijakriti\u010dke znake. <\/p>\n<p>Duh Bosne je knji\u017eevni i politi\u010dko-esejisti\u010dki \u010dasopis vi\u0161e nego akademski i nau\u010dni.  <\/p>","protected":false},"excerpt":{"rendered":"<p>Tekstove autora i prijedloge \u010ditalaca koji odra\u017eavaju misiju \u010dasopisa rado prihvatamo i pa\u017eljivo \u0107emo ih razmotriti. Svoje radove autori treba da po\u0161alju u obje verzije\u2014na bosansko\/hrvatsko\/srpskom i na engleskom. Tekstove eseja, pjesama i pripovijedaka rado primamo i njih treba slati elektronski, najbolje u vidu priloga u Word-u. Verzija na bosanskom\/hrvatskom\/srpskom mora imati dijakriti\u010dke znake. Duh Bosne je knji\u017eevni i politi\u010dko-esejisti\u010dki&nbsp; [<a href=\"https:\/\/www.spiritofbosnia.org\/bs\/submission-info\/\">&hellip;<\/a>]<\/p>\n","protected":false},"author":2,"featured_media":0,"parent":0,"menu_order":0,"comment_status":"open","ping_status":"open","template":"","meta":{"_exactmetrics_skip_tracking":false,"_exactmetrics_sitenote_active":false,"_exactmetrics_sitenote_note":"","_exactmetrics_sitenote_category":0,"ngg_post_thumbnail":0,"footnotes":""},"class_list":["post-162","page","type-page","status-publish","hentry"],"_links":{"self":[{"href":"https:\/\/www.spiritofbosnia.org\/bs\/wp-json\/wp\/v2\/pages\/162","targetHints":{"allow":["GET"]}}],"collection":[{"href":"https:\/\/www.spiritofbosnia.org\/bs\/wp-json\/wp\/v2\/pages"}],"about":[{"href":"https:\/\/www.spiritofbosnia.org\/bs\/wp-json\/wp\/v2\/types\/page"}],"author":[{"embeddable":true,"href":"https:\/\/www.spiritofbosnia.org\/bs\/wp-json\/wp\/v2\/users\/2"}],"replies":[{"embeddable":true,"href":"https:\/\/www.spiritofbosnia.org\/bs\/wp-json\/wp\/v2\/comments?post=162"}],"version-history":[{"count":6,"href":"https:\/\/www.spiritofbosnia.org\/bs\/wp-json\/wp\/v2\/pages\/162\/revisions"}],"predecessor-version":[{"id":357,"href":"https:\/\/www.spiritofbosnia.org\/bs\/wp-json\/wp\/v2\/pages\/162\/revisions\/357"}],"wp:attachment":[{"href":"https:\/\/www.spiritofbosnia.org\/bs\/wp-json\/wp\/v2\/media?parent=162"}],"curies":[{"name":"wp","href":"https:\/\/api.w.org\/{rel}","templated":true}]}}